{"id":900,"date":"2018-06-28T16:44:09","date_gmt":"2018-06-28T19:44:09","guid":{"rendered":"https:\/\/isbapierini-cba.infd.edu.ar\/sitio\/plan-de-estudios-3\/"},"modified":"2026-02-08T22:40:29","modified_gmt":"2026-02-09T01:40:29","slug":"plan-de-estudios-3","status":"publish","type":"page","link":"https:\/\/isbapierini-cba.infd.edu.ar\/sitio\/plan-de-estudios-3\/","title":{"rendered":"TECNICATURA SUPERIOR EN DISE\u00d1O DE ESPACIOS"},"content":{"rendered":"\n<h4 class=\"wp-block-heading\">&nbsp;<\/h4>\n\n\n\n<p class=\"has-text-align-center has-contrast-color has-text-color has-background has-large-font-size\" style=\"background-color:#c91414\">La Tecnicatura Superior en Dise\u00f1o de Espacios es una carrera de nivel superior no universitario, con una duraci\u00f3n de tres a\u00f1os. Brinda una formaci\u00f3n integral orientada al dise\u00f1o, planificaci\u00f3n y gesti\u00f3n de espacios interiores y su entorno inmediato, articulando creatividad, conocimiento t\u00e9cnico y compromiso social.<\/p>\n\n\n\n<h4 class=\"wp-block-heading has-black-color has-text-color\"><span style=\"color: #800080;\"><span style=\"color: #000000;\">Duraci\u00f3n:<\/span>&nbsp;<\/span><span style=\"font-family: 'Liberation Sans', sans-serif; color: #800080;\"> &nbsp;<\/span><span style=\"font-family: Liberation Sans, sans-serif;\">3 <span style=\"color: #000000;\">a\u00f1os<\/span><\/span><\/h4>\n\n\n\n<h3 class=\"wp-block-heading\"><span style=\"color: #000080;\"><strong><span style=\"color: #000000;\">Perfil del Egresado:<\/span><\/strong>&nbsp;<\/span><\/h3>\n\n\n\n<p class=\"has-black-color has-text-color\"><span style=\"font-family: Liberation Sans, sans-serif;\"><span style=\"color: #000000;\"><span style=\"font-size: medium;\">El t\u00e9cnico Superior en dise\u00f1o de Espacios, es un profesional preparado con conocimientos, destreza y habilidades para el desarrollo, direcci\u00f3n, gesti\u00f3n y comunicaci\u00f3n de soluciones de dise\u00f1o en espacios de interiores y su entorno.<\/span><\/span><\/span><\/p>\n\n\n\n<p class=\"has-text-color\" style=\"color:#020000\"><span style=\"color: #000000;\"><span style=\"font-size: medium;\"><span style=\"font-family: Liberation Sans, sans-serif;\">Es un t\u00e9cnico que desarrollar\u00e1 su labor con creatividad, sensibilidad art\u00edstica, actitud emprendedora e innovadora, aportando al dise\u00f1o y la ambientaci\u00f3n; con criterios y herramientas, adecuando tecnolog\u00edas y presupuestos, con el conocimiento t\u00e9cnico de los materiales y sus po<\/span>sibilidades<\/span><\/span>. <\/p>\n\n\n\n<h4 class=\"wp-block-heading has-text-align-left has-text-color has-medium-font-size\" style=\"color:#0b0000\">Condici\u00f3n de Ingreso: Secundario Completo.<\/h4>\n\n\n\n<h4 class=\"wp-block-heading has-black-color has-text-color has-medium-font-size\">Ciclo proped\u00e9utico: Seminario de ingreso a la Educaci\u00f3n Superior (obligatorio).<\/h4>\n\n\n\n<p class=\"has-text-align-center has-base-3-color has-contrast-3-background-color has-text-color has-background has-medium-font-size\"><em><strong>T\u00edtulos oficiales con validez provincial y nacional.<\/strong><\/em><\/p>\n\n\n\n<h3 class=\"wp-block-heading has-black-color has-text-color\"><span style=\"color: #000080;\"><strong><span style=\"color: #000000;\">Plan de Estudi<\/span><\/strong><\/span>os<\/h3>\n\n\n\n<figure class=\"wp-block-image\"><img decoding=\"async\" loading=\"lazy\" width=\"1000\" height=\"551\" src=\"https:\/\/isbapierini-cba.infd.edu.ar\/sitio\/wp-content\/uploads\/2026\/02\/Plan_de_Estudio_editable-1000x551.png\" alt=\"\" class=\"wp-image-1333\" srcset=\"https:\/\/isbapierini-cba.infd.edu.ar\/sitio\/wp-content\/uploads\/2026\/02\/Plan_de_Estudio_editable-1000x551.png 1000w, https:\/\/isbapierini-cba.infd.edu.ar\/sitio\/wp-content\/uploads\/2026\/02\/Plan_de_Estudio_editable-1900x1046.png 1900w, https:\/\/isbapierini-cba.infd.edu.ar\/sitio\/wp-content\/uploads\/2026\/02\/Plan_de_Estudio_editable-768x423.png 768w, https:\/\/isbapierini-cba.infd.edu.ar\/sitio\/wp-content\/uploads\/2026\/02\/Plan_de_Estudio_editable-1536x846.png 1536w, https:\/\/isbapierini-cba.infd.edu.ar\/sitio\/wp-content\/uploads\/2026\/02\/Plan_de_Estudio_editable-2048x1128.png 2048w\" sizes=\"(max-width: 1000px) 100vw, 1000px\" \/><\/figure>\n","protected":false},"excerpt":{"rendered":"<p>&nbsp; La Tecnicatura Superior en Dise\u00f1o de Espacios es una carrera de nivel superior no universitario, con una duraci\u00f3n de tres a\u00f1os. Brinda una formaci\u00f3n integral orientada al dise\u00f1o, planificaci\u00f3n y gesti\u00f3n de espacios interiores y su entorno inmediato, articulando creatividad, conocimiento t\u00e9cnico y compromiso social. Duraci\u00f3n:&nbsp; &nbsp;3 a\u00f1os Perfil del Egresado:&nbsp; El t\u00e9cnico Superior &#8230; <a title=\"TECNICATURA SUPERIOR EN DISE\u00d1O DE ESPACIOS\" class=\"read-more\" href=\"https:\/\/isbapierini-cba.infd.edu.ar\/sitio\/plan-de-estudios-3\/\" aria-label=\"More on TECNICATURA SUPERIOR EN DISE\u00d1O DE ESPACIOS\">[+]<\/a><\/p>\n","protected":false},"author":7,"featured_media":1337,"parent":0,"menu_order":0,"comment_status":"closed","ping_status":"closed","template":"","meta":[],"acf":[],"_links":{"self":[{"href":"https:\/\/isbapierini-cba.infd.edu.ar\/sitio\/wp-json\/wp\/v2\/pages\/900"}],"collection":[{"href":"https:\/\/isbapierini-cba.infd.edu.ar\/sitio\/wp-json\/wp\/v2\/pages"}],"about":[{"href":"https:\/\/isbapierini-cba.infd.edu.ar\/sitio\/wp-json\/wp\/v2\/types\/page"}],"author":[{"embeddable":true,"href":"https:\/\/isbapierini-cba.infd.edu.ar\/sitio\/wp-json\/wp\/v2\/users\/7"}],"replies":[{"embeddable":true,"href":"https:\/\/isbapierini-cba.infd.edu.ar\/sitio\/wp-json\/wp\/v2\/comments?post=900"}],"version-history":[{"count":17,"href":"https:\/\/isbapierini-cba.infd.edu.ar\/sitio\/wp-json\/wp\/v2\/pages\/900\/revisions"}],"predecessor-version":[{"id":1359,"href":"https:\/\/isbapierini-cba.infd.edu.ar\/sitio\/wp-json\/wp\/v2\/pages\/900\/revisions\/1359"}],"wp:featuredmedia":[{"embeddable":true,"href":"https:\/\/isbapierini-cba.infd.edu.ar\/sitio\/wp-json\/wp\/v2\/media\/1337"}],"wp:attachment":[{"href":"https:\/\/isbapierini-cba.infd.edu.ar\/sitio\/wp-json\/wp\/v2\/media?parent=900"}],"curies":[{"name":"wp","href":"https:\/\/api.w.org\/{rel}","templated":true}]}}