{"id":1487,"date":"2026-05-07T19:38:11","date_gmt":"2026-05-07T22:38:11","guid":{"rendered":"https:\/\/isbapierini-cba.infd.edu.ar\/sitio\/?page_id=1487"},"modified":"2026-05-08T21:34:52","modified_gmt":"2026-05-09T00:34:52","slug":"examenes-extraordinarios","status":"publish","type":"page","link":"https:\/\/isbapierini-cba.infd.edu.ar\/sitio\/examenes-extraordinarios\/","title":{"rendered":"EX\u00c1MENES EXTRAORDINARIOS"},"content":{"rendered":"\n<p class=\"has-text-color\" style=\"color:#060000\">INSCRIPCI\u00d3N A MESA DE EX\u00c1MENES FINALES EXTRAORDINARIAS, TURNO MAYO 2026<\/p>\n\n\n\n<p class=\"has-text-color\" style=\"color:#090000\">Desde el&nbsp;<strong>lunes 11 al jueves 14 de mayo<\/strong>&nbsp;inclusive, estar\u00e1 abierta la inscripci\u00f3n online a mesas de ex\u00e1menes finales extraordinaria del turno mayo 2026.<\/p>\n\n\n\n<p class=\"has-text-color\" style=\"color:#060000\">Las mesas se llevar\u00e1n a cabo en forma&nbsp;<strong>presencial&nbsp;<\/strong>entre los d\u00edas 20 al 24 de mayo del 2026.<\/p>\n\n\n\n<p class=\"has-text-color\" style=\"color:#050000\">Una vez finalizado el per\u00edodo de inscripci\u00f3n, y conforme a las inscripciones recibidas, se proceder\u00e1 a la conformaci\u00f3n de los tribunales correspondientes. Posteriormente, se informar\u00e1n la fecha y el horario de cada mesa y unidad curricular.<\/p>\n\n\n\n<p class=\"has-text-color\" style=\"color:#090000\">Para rendir, deber\u00e1n presentarse con la libreta de calificaciones.<\/p>\n\n\n\n<pre class=\"wp-block-preformatted has-base-3-color has-text-color has-background\" style=\"background-color:#ae0303\">PODR\u00c1N INSCRIBIRSE AQUELLOS ESTUDIANTES QUE SE ENCUADREN EN LAS SIGUIENTES SITUACIONES (R.M 298\/25-RAM):\n\nLos tumos de examenes extraordinarios se estableceran en los meses de mayo y septiembre para los\/as estudiantes que hayan finalizado el cursado de la carrera y adeuden hasta el 10% de las UC\/EC.\nTambien seran establecidos para los casos de los\/as estudiantes de planes que caducan y para carreras a termino.\n<\/pre>\n\n\n\n<p>Para inscribirse deber\u00e1n completar el formulario online, al cual se accede haciendo click sobre la imagen:<\/p>\n\n\n\n<p class=\"has-base-3-color has-text-color has-background\" style=\"background-color:#b30000\">PROFESORADO DE ARTES VISUALES<\/p>\n\n\n<div class=\"wp-block-image\">\n<figure class=\"aligncenter size-full is-resized\"><a href=\"https:\/\/docs.google.com\/forms\/d\/1inVdKczoSfmDupwUbjXyQD_rvwPdVtrXq0f-rqEk7w4\/viewform?edit_requested=true#responses\"><img decoding=\"async\" loading=\"lazy\" src=\"https:\/\/isbapierini-cba.infd.edu.ar\/sitio\/wp-content\/uploads\/2026\/05\/Banner-INSCRIPCION-EXAMENES.png\" alt=\"\" class=\"wp-image-1491\" width=\"784\" height=\"196\" srcset=\"https:\/\/isbapierini-cba.infd.edu.ar\/sitio\/wp-content\/uploads\/2026\/05\/Banner-INSCRIPCION-EXAMENES.png 1584w, https:\/\/isbapierini-cba.infd.edu.ar\/sitio\/wp-content\/uploads\/2026\/05\/Banner-INSCRIPCION-EXAMENES-1000x250.png 1000w, https:\/\/isbapierini-cba.infd.edu.ar\/sitio\/wp-content\/uploads\/2026\/05\/Banner-INSCRIPCION-EXAMENES-768x192.png 768w, https:\/\/isbapierini-cba.infd.edu.ar\/sitio\/wp-content\/uploads\/2026\/05\/Banner-INSCRIPCION-EXAMENES-1536x384.png 1536w\" sizes=\"(max-width: 784px) 100vw, 784px\" \/><\/a><\/figure><\/div>\n\n<div class=\"wp-block-image\">\n<figure class=\"aligncenter size-full is-resized\"><a href=\"https:\/\/docs.google.com\/spreadsheets\/d\/1sEtmHcsGFj4Xp5gsej1AhFeH-Nnuj7ibqQPxdAQ3usw\/edit?resourcekey&amp;usp=forms_web_b&amp;urp=linked#gid=651375939\"><img decoding=\"async\" loading=\"lazy\" src=\"https:\/\/isbapierini-cba.infd.edu.ar\/sitio\/wp-content\/uploads\/2026\/05\/Banner-INSCRIPCION-EXAMENES-1.png\" alt=\"\" class=\"wp-image-1492\" width=\"786\" height=\"197\" srcset=\"https:\/\/isbapierini-cba.infd.edu.ar\/sitio\/wp-content\/uploads\/2026\/05\/Banner-INSCRIPCION-EXAMENES-1.png 1584w, https:\/\/isbapierini-cba.infd.edu.ar\/sitio\/wp-content\/uploads\/2026\/05\/Banner-INSCRIPCION-EXAMENES-1-1000x250.png 1000w, https:\/\/isbapierini-cba.infd.edu.ar\/sitio\/wp-content\/uploads\/2026\/05\/Banner-INSCRIPCION-EXAMENES-1-768x192.png 768w, https:\/\/isbapierini-cba.infd.edu.ar\/sitio\/wp-content\/uploads\/2026\/05\/Banner-INSCRIPCION-EXAMENES-1-1536x384.png 1536w\" sizes=\"(max-width: 786px) 100vw, 786px\" \/><\/a><\/figure><\/div>\n\n\n<p class=\"has-base-3-color has-text-color has-background\" style=\"background-color:#a90202\">TECNICATURA SUPERIOR EN ARTES VISUALES<\/p>\n\n\n<div class=\"wp-block-image\">\n<figure class=\"aligncenter size-full is-resized\"><a href=\"https:\/\/docs.google.com\/forms\/d\/1tRitL_jzRynzpURiIY_N6riWFo7oqh5aRBKRR2MFqaU\/viewform?chromeless=1&amp;edit_requested=true\"><img decoding=\"async\" loading=\"lazy\" src=\"https:\/\/isbapierini-cba.infd.edu.ar\/sitio\/wp-content\/uploads\/2026\/05\/Banner-INSCRIPCION-EXAMENES-2.png\" alt=\"\" class=\"wp-image-1493\" width=\"796\" height=\"199\" srcset=\"https:\/\/isbapierini-cba.infd.edu.ar\/sitio\/wp-content\/uploads\/2026\/05\/Banner-INSCRIPCION-EXAMENES-2.png 1584w, https:\/\/isbapierini-cba.infd.edu.ar\/sitio\/wp-content\/uploads\/2026\/05\/Banner-INSCRIPCION-EXAMENES-2-1000x250.png 1000w, https:\/\/isbapierini-cba.infd.edu.ar\/sitio\/wp-content\/uploads\/2026\/05\/Banner-INSCRIPCION-EXAMENES-2-768x192.png 768w, https:\/\/isbapierini-cba.infd.edu.ar\/sitio\/wp-content\/uploads\/2026\/05\/Banner-INSCRIPCION-EXAMENES-2-1536x384.png 1536w\" sizes=\"(max-width: 796px) 100vw, 796px\" \/><\/a><\/figure><\/div>\n\n<div class=\"wp-block-image\">\n<figure class=\"aligncenter size-full is-resized\"><a href=\"https:\/\/docs.google.com\/spreadsheets\/d\/17Pjf717lYfAWUy_lQgaPct_t7xFedjkyyjpgu7Ukpo0\/edit?resourcekey&amp;usp=forms_web_b&amp;urp=linked#gid=469096356\"><img decoding=\"async\" loading=\"lazy\" src=\"https:\/\/isbapierini-cba.infd.edu.ar\/sitio\/wp-content\/uploads\/2026\/05\/Banner-INSCRIPCION-EXAMENES-1-1.png\" alt=\"\" class=\"wp-image-1494\" width=\"799\" height=\"200\" srcset=\"https:\/\/isbapierini-cba.infd.edu.ar\/sitio\/wp-content\/uploads\/2026\/05\/Banner-INSCRIPCION-EXAMENES-1-1.png 1584w, https:\/\/isbapierini-cba.infd.edu.ar\/sitio\/wp-content\/uploads\/2026\/05\/Banner-INSCRIPCION-EXAMENES-1-1-1000x250.png 1000w, https:\/\/isbapierini-cba.infd.edu.ar\/sitio\/wp-content\/uploads\/2026\/05\/Banner-INSCRIPCION-EXAMENES-1-1-768x192.png 768w, https:\/\/isbapierini-cba.infd.edu.ar\/sitio\/wp-content\/uploads\/2026\/05\/Banner-INSCRIPCION-EXAMENES-1-1-1536x384.png 1536w\" sizes=\"(max-width: 799px) 100vw, 799px\" \/><\/a><\/figure><\/div>\n\n\n<p class=\"has-base-3-color has-text-color has-background\" style=\"background-color:#ac0404\">TECNICATURA SUPERIOR EN DISE\u00d1O DE ESPACIOS<\/p>\n\n\n<div class=\"wp-block-image\">\n<figure class=\"aligncenter size-full is-resized\"><a href=\"https:\/\/docs.google.com\/forms\/d\/e\/1FAIpQLSdVRuD42Lbj9nrD0vb3pemSV3P_4vF7AAROgH0siHnAwo9nmQ\/viewform\"><img decoding=\"async\" loading=\"lazy\" src=\"https:\/\/isbapierini-cba.infd.edu.ar\/sitio\/wp-content\/uploads\/2026\/05\/Banner-INSCRIPCION-EXAMENES-3.png\" alt=\"\" class=\"wp-image-1495\" width=\"798\" height=\"200\" srcset=\"https:\/\/isbapierini-cba.infd.edu.ar\/sitio\/wp-content\/uploads\/2026\/05\/Banner-INSCRIPCION-EXAMENES-3.png 1584w, https:\/\/isbapierini-cba.infd.edu.ar\/sitio\/wp-content\/uploads\/2026\/05\/Banner-INSCRIPCION-EXAMENES-3-1000x250.png 1000w, https:\/\/isbapierini-cba.infd.edu.ar\/sitio\/wp-content\/uploads\/2026\/05\/Banner-INSCRIPCION-EXAMENES-3-768x192.png 768w, https:\/\/isbapierini-cba.infd.edu.ar\/sitio\/wp-content\/uploads\/2026\/05\/Banner-INSCRIPCION-EXAMENES-3-1536x384.png 1536w\" sizes=\"(max-width: 798px) 100vw, 798px\" \/><\/a><\/figure><\/div>\n\n<div class=\"wp-block-image\">\n<figure class=\"aligncenter size-full is-resized\"><a href=\"https:\/\/docs.google.com\/spreadsheets\/d\/1vXodBoP4Wk-_IEIO9q5n-tfTuEjpJ-wwzqQsXysem5w\/edit?resourcekey&amp;usp=forms_web_b&amp;urp=linked#gid=1015131232\"><img decoding=\"async\" loading=\"lazy\" src=\"https:\/\/isbapierini-cba.infd.edu.ar\/sitio\/wp-content\/uploads\/2026\/05\/Banner-INSCRIPCION-EXAMENES-1-2.png\" alt=\"\" class=\"wp-image-1496\" width=\"805\" height=\"201\" srcset=\"https:\/\/isbapierini-cba.infd.edu.ar\/sitio\/wp-content\/uploads\/2026\/05\/Banner-INSCRIPCION-EXAMENES-1-2.png 1584w, https:\/\/isbapierini-cba.infd.edu.ar\/sitio\/wp-content\/uploads\/2026\/05\/Banner-INSCRIPCION-EXAMENES-1-2-1000x250.png 1000w, https:\/\/isbapierini-cba.infd.edu.ar\/sitio\/wp-content\/uploads\/2026\/05\/Banner-INSCRIPCION-EXAMENES-1-2-768x192.png 768w, https:\/\/isbapierini-cba.infd.edu.ar\/sitio\/wp-content\/uploads\/2026\/05\/Banner-INSCRIPCION-EXAMENES-1-2-1536x384.png 1536w\" sizes=\"(max-width: 805px) 100vw, 805px\" \/><\/a><\/figure><\/div>","protected":false},"excerpt":{"rendered":"<p>INSCRIPCI\u00d3N A MESA DE EX\u00c1MENES FINALES EXTRAORDINARIAS, TURNO MAYO 2026 Desde el&nbsp;lunes 11 al jueves 14 de mayo&nbsp;inclusive, estar\u00e1 abierta la inscripci\u00f3n online a mesas de ex\u00e1menes finales extraordinaria del turno mayo 2026. Las mesas se llevar\u00e1n a cabo en forma&nbsp;presencial&nbsp;entre los d\u00edas 20 al 24 de mayo del 2026. Una vez finalizado el per\u00edodo &#8230; <a title=\"EX\u00c1MENES EXTRAORDINARIOS\" class=\"read-more\" href=\"https:\/\/isbapierini-cba.infd.edu.ar\/sitio\/examenes-extraordinarios\/\" aria-label=\"More on EX\u00c1MENES EXTRAORDINARIOS\">[+]<\/a><\/p>\n","protected":false},"author":1396,"featured_media":1498,"parent":0,"menu_order":0,"comment_status":"closed","ping_status":"closed","template":"","meta":[],"acf":[],"_links":{"self":[{"href":"https:\/\/isbapierini-cba.infd.edu.ar\/sitio\/wp-json\/wp\/v2\/pages\/1487"}],"collection":[{"href":"https:\/\/isbapierini-cba.infd.edu.ar\/sitio\/wp-json\/wp\/v2\/pages"}],"about":[{"href":"https:\/\/isbapierini-cba.infd.edu.ar\/sitio\/wp-json\/wp\/v2\/types\/page"}],"author":[{"embeddable":true,"href":"https:\/\/isbapierini-cba.infd.edu.ar\/sitio\/wp-json\/wp\/v2\/users\/1396"}],"replies":[{"embeddable":true,"href":"https:\/\/isbapierini-cba.infd.edu.ar\/sitio\/wp-json\/wp\/v2\/comments?post=1487"}],"version-history":[{"count":6,"href":"https:\/\/isbapierini-cba.infd.edu.ar\/sitio\/wp-json\/wp\/v2\/pages\/1487\/revisions"}],"predecessor-version":[{"id":1502,"href":"https:\/\/isbapierini-cba.infd.edu.ar\/sitio\/wp-json\/wp\/v2\/pages\/1487\/revisions\/1502"}],"wp:featuredmedia":[{"embeddable":true,"href":"https:\/\/isbapierini-cba.infd.edu.ar\/sitio\/wp-json\/wp\/v2\/media\/1498"}],"wp:attachment":[{"href":"https:\/\/isbapierini-cba.infd.edu.ar\/sitio\/wp-json\/wp\/v2\/media?parent=1487"}],"curies":[{"name":"wp","href":"https:\/\/api.w.org\/{rel}","templated":true}]}}