{"id":1416,"date":"2026-02-22T13:57:09","date_gmt":"2026-02-22T16:57:09","guid":{"rendered":"https:\/\/isbapierini-cba.infd.edu.ar\/sitio\/?page_id=1416"},"modified":"2026-02-22T13:58:21","modified_gmt":"2026-02-22T16:58:21","slug":"formacion-artistica-ninos-jovenes-y-adultos","status":"publish","type":"page","link":"https:\/\/isbapierini-cba.infd.edu.ar\/sitio\/formacion-artistica-ninos-jovenes-y-adultos\/","title":{"rendered":"FORMACI\u00d3N ART\u00cdSTICA INFANTIL, J\u00d3VENES Y ADULTOS."},"content":{"rendered":"","protected":false},"excerpt":{"rendered":"","protected":false},"author":1396,"featured_media":0,"parent":0,"menu_order":0,"comment_status":"closed","ping_status":"closed","template":"","meta":[],"acf":[],"_links":{"self":[{"href":"https:\/\/isbapierini-cba.infd.edu.ar\/sitio\/wp-json\/wp\/v2\/pages\/1416"}],"collection":[{"href":"https:\/\/isbapierini-cba.infd.edu.ar\/sitio\/wp-json\/wp\/v2\/pages"}],"about":[{"href":"https:\/\/isbapierini-cba.infd.edu.ar\/sitio\/wp-json\/wp\/v2\/types\/page"}],"author":[{"embeddable":true,"href":"https:\/\/isbapierini-cba.infd.edu.ar\/sitio\/wp-json\/wp\/v2\/users\/1396"}],"replies":[{"embeddable":true,"href":"https:\/\/isbapierini-cba.infd.edu.ar\/sitio\/wp-json\/wp\/v2\/comments?post=1416"}],"version-history":[{"count":2,"href":"https:\/\/isbapierini-cba.infd.edu.ar\/sitio\/wp-json\/wp\/v2\/pages\/1416\/revisions"}],"predecessor-version":[{"id":1419,"href":"https:\/\/isbapierini-cba.infd.edu.ar\/sitio\/wp-json\/wp\/v2\/pages\/1416\/revisions\/1419"}],"wp:attachment":[{"href":"https:\/\/isbapierini-cba.infd.edu.ar\/sitio\/wp-json\/wp\/v2\/media?parent=1416"}],"curies":[{"name":"wp","href":"https:\/\/api.w.org\/{rel}","templated":true}]}}