{"id":1385,"date":"2026-02-13T12:40:10","date_gmt":"2026-02-13T15:40:10","guid":{"rendered":"https:\/\/isbapierini-cba.infd.edu.ar\/sitio\/?page_id=1385"},"modified":"2026-02-13T22:23:19","modified_gmt":"2026-02-14T01:23:19","slug":"noticias","status":"publish","type":"page","link":"https:\/\/isbapierini-cba.infd.edu.ar\/sitio\/noticias\/","title":{"rendered":"NOTICIAS"},"content":{"rendered":"\n<h2 class=\"wp-block-heading has-text-color has-background has-large-font-size\" style=\"color:#050000;background-color:#ee1111;font-style:normal;font-weight:800\">INGRESO 2026<\/h2>\n\n\n<div class=\"wp-block-image\">\n<figure class=\"aligncenter size-full is-resized\"><img decoding=\"async\" loading=\"lazy\" src=\"https:\/\/isbapierini-cba.infd.edu.ar\/sitio\/wp-content\/uploads\/2026\/02\/ESTUDIA-EN-LA-LIBERO-PIERINI-1.png\" alt=\"\" class=\"wp-image-1382\" width=\"576\" height=\"721\" srcset=\"https:\/\/isbapierini-cba.infd.edu.ar\/sitio\/wp-content\/uploads\/2026\/02\/ESTUDIA-EN-LA-LIBERO-PIERINI-1.png 1080w, https:\/\/isbapierini-cba.infd.edu.ar\/sitio\/wp-content\/uploads\/2026\/02\/ESTUDIA-EN-LA-LIBERO-PIERINI-1-800x1000.png 800w, https:\/\/isbapierini-cba.infd.edu.ar\/sitio\/wp-content\/uploads\/2026\/02\/ESTUDIA-EN-LA-LIBERO-PIERINI-1-768x960.png 768w\" sizes=\"(max-width: 576px) 100vw, 576px\" \/><\/figure><\/div>\n\n\n<p class=\"has-black-color has-text-color has-medium-font-size\">La Escuela Superior de Bellas Artes \u00abL\u00edbero Pierini\u00bb informa que:<\/p>\n\n\n\n<p class=\"has-black-color has-text-color has-medium-font-size\">&#x1f539; Contin\u00faan abiertas las preinscripciones para el ciclo lectivo 2026.<\/p>\n\n\n\n<p class=\"has-black-color has-text-color has-medium-font-size\">&#x1f539; A partir del jueves 19 de 18.00hs a 22.00hs comenzar\u00e1n a realizarse las inscripciones presenciales.<\/p>\n\n\n\n<p class=\"has-black-color has-text-color has-medium-font-size\">&#x1f4cc; Las y los aspirantes deber\u00e1n presentar la totalidad de la documentaci\u00f3n requerida, la cual se encuentra detallada en la pesta\u00f1a <strong>\u201cINGRESO 2026\u201d<\/strong> de nuestro sitio web institucional.<\/p>\n\n\n\n<p class=\"has-black-color has-text-color has-medium-font-size\">Solicitamos asistir con la documentaci\u00f3n completa para agilizar el tr\u00e1mite administrativo.<\/p>\n\n\n\n<p class=\"has-black-color has-text-color has-medium-font-size\">Ante cualquier consulta, pueden comunicarse a trav\u00e9s de los canales oficiales.<\/p>\n","protected":false},"excerpt":{"rendered":"<p>INGRESO 2026 La Escuela Superior de Bellas Artes \u00abL\u00edbero Pierini\u00bb informa que: &#x1f539; Contin\u00faan abiertas las preinscripciones para el ciclo lectivo 2026. &#x1f539; A partir del jueves 19 de 18.00hs a 22.00hs comenzar\u00e1n a realizarse las inscripciones presenciales. &#x1f4cc; Las y los aspirantes deber\u00e1n presentar la totalidad de la documentaci\u00f3n requerida, la cual se encuentra &#8230; <a title=\"NOTICIAS\" class=\"read-more\" href=\"https:\/\/isbapierini-cba.infd.edu.ar\/sitio\/noticias\/\" aria-label=\"More on NOTICIAS\">[+]<\/a><\/p>\n","protected":false},"author":1396,"featured_media":0,"parent":0,"menu_order":0,"comment_status":"closed","ping_status":"closed","template":"","meta":[],"acf":[],"_links":{"self":[{"href":"https:\/\/isbapierini-cba.infd.edu.ar\/sitio\/wp-json\/wp\/v2\/pages\/1385"}],"collection":[{"href":"https:\/\/isbapierini-cba.infd.edu.ar\/sitio\/wp-json\/wp\/v2\/pages"}],"about":[{"href":"https:\/\/isbapierini-cba.infd.edu.ar\/sitio\/wp-json\/wp\/v2\/types\/page"}],"author":[{"embeddable":true,"href":"https:\/\/isbapierini-cba.infd.edu.ar\/sitio\/wp-json\/wp\/v2\/users\/1396"}],"replies":[{"embeddable":true,"href":"https:\/\/isbapierini-cba.infd.edu.ar\/sitio\/wp-json\/wp\/v2\/comments?post=1385"}],"version-history":[{"count":5,"href":"https:\/\/isbapierini-cba.infd.edu.ar\/sitio\/wp-json\/wp\/v2\/pages\/1385\/revisions"}],"predecessor-version":[{"id":1399,"href":"https:\/\/isbapierini-cba.infd.edu.ar\/sitio\/wp-json\/wp\/v2\/pages\/1385\/revisions\/1399"}],"wp:attachment":[{"href":"https:\/\/isbapierini-cba.infd.edu.ar\/sitio\/wp-json\/wp\/v2\/media?parent=1385"}],"curies":[{"name":"wp","href":"https:\/\/api.w.org\/{rel}","templated":true}]}}