{"id":1298,"date":"2025-11-09T21:39:41","date_gmt":"2025-11-10T00:39:41","guid":{"rendered":"https:\/\/isbapierini-cba.infd.edu.ar\/sitio\/?page_id=1298"},"modified":"2026-02-08T22:41:13","modified_gmt":"2026-02-09T01:41:13","slug":"profesorado-de-artes-visuales","status":"publish","type":"page","link":"https:\/\/isbapierini-cba.infd.edu.ar\/sitio\/profesorado-de-artes-visuales\/","title":{"rendered":"PROFESORADO DE ARTES VISUALES"},"content":{"rendered":"\n<div class=\"wp-block-cover\" style=\"min-height:462px\"><span aria-hidden=\"true\" class=\"wp-block-cover__background has-background-dim\"><\/span><img decoding=\"async\" loading=\"lazy\" width=\"2088\" height=\"2088\" class=\"wp-block-cover__image-background wp-image-1299\" alt=\"\" src=\"https:\/\/isbapierini-cba.infd.edu.ar\/sitio\/wp-content\/uploads\/2025\/11\/LOGO-PAGINA-ZZ.png\" data-object-fit=\"cover\" srcset=\"https:\/\/isbapierini-cba.infd.edu.ar\/sitio\/wp-content\/uploads\/2025\/11\/LOGO-PAGINA-ZZ.png 2088w, https:\/\/isbapierini-cba.infd.edu.ar\/sitio\/wp-content\/uploads\/2025\/11\/LOGO-PAGINA-ZZ-1000x1000.png 1000w, https:\/\/isbapierini-cba.infd.edu.ar\/sitio\/wp-content\/uploads\/2025\/11\/LOGO-PAGINA-ZZ-1900x1900.png 1900w, https:\/\/isbapierini-cba.infd.edu.ar\/sitio\/wp-content\/uploads\/2025\/11\/LOGO-PAGINA-ZZ-500x500.png 500w, https:\/\/isbapierini-cba.infd.edu.ar\/sitio\/wp-content\/uploads\/2025\/11\/LOGO-PAGINA-ZZ-768x768.png 768w, https:\/\/isbapierini-cba.infd.edu.ar\/sitio\/wp-content\/uploads\/2025\/11\/LOGO-PAGINA-ZZ-1536x1536.png 1536w, https:\/\/isbapierini-cba.infd.edu.ar\/sitio\/wp-content\/uploads\/2025\/11\/LOGO-PAGINA-ZZ-2048x2048.png 2048w\" sizes=\"(max-width: 2088px) 100vw, 2088px\" \/><div class=\"wp-block-cover__inner-container\">\n<p class=\"has-text-align-center has-large-font-size\">El Profesorado de Artes Visuales es una carrera de nivel superior no universitario de cuatro a\u00f1os de duraci\u00f3n. Brinda&nbsp;<em>formaci\u00f3n&nbsp;pedag\u00f3gica<\/em>&nbsp;orientada a las artes visuales y habilita para la docencia en los niveles inicial, primario, secundario, art\u00edstico&nbsp;y especial.<\/p>\n<\/div><\/div>\n\n\n\n<p><strong>Duraci\u00f3n<\/strong>: 4 a\u00f1os.<\/p>\n\n\n\n<p class=\"has-medium-font-size\"><strong>Campo profesional<\/strong>: Ejercer la docencia en los niveles de educaci\u00f3n inicial, secundaria (CBU y Ciclo de Especializaci\u00f3n) y Nivel Superior. Adem\u00e1s posibilita el desempe\u00f1o docente en talleres infanto-juveniles y de adultos particulares, talleres barriales, entre otras opciones p\u00fablicas o privadas de educaci\u00f3n no formal.<\/p>\n\n\n\n<p class=\"has-medium-font-size\"><strong>Condiciones de ingreso:<\/strong>&nbsp;Secundario completo.<\/p>\n\n\n\n<p class=\"has-medium-font-size\"><strong>Ciclo proped\u00e9utico: Seminario de ingreso a la Educaci\u00f3n Superior (obligatorio)<\/strong>.<\/p>\n\n\n\n<p class=\"has-text-align-center has-base-3-color has-contrast-3-background-color has-text-color has-background has-medium-font-size\"><em><strong>T\u00edtulos oficiales con validez provincial y nacional<\/strong><\/em><\/p>\n\n\n\n<h3 class=\"wp-block-heading has-text-color\" style=\"color:#060000;text-transform:uppercase\">Plan de estudios<\/h3>\n\n\n\n<figure class=\"wp-duotone-unset-1 wp-block-image alignwide size-large is-style-default\"><img decoding=\"async\" loading=\"lazy\" width=\"1900\" height=\"876\" src=\"https:\/\/isbapierini-cba.infd.edu.ar\/sitio\/wp-content\/uploads\/2026\/02\/Plan_de_Estudio_profesorado-Artes-Visuales-1900x876.png\" alt=\"\" class=\"wp-image-1355\" srcset=\"https:\/\/isbapierini-cba.infd.edu.ar\/sitio\/wp-content\/uploads\/2026\/02\/Plan_de_Estudio_profesorado-Artes-Visuales-1900x876.png 1900w, https:\/\/isbapierini-cba.infd.edu.ar\/sitio\/wp-content\/uploads\/2026\/02\/Plan_de_Estudio_profesorado-Artes-Visuales-1000x461.png 1000w, https:\/\/isbapierini-cba.infd.edu.ar\/sitio\/wp-content\/uploads\/2026\/02\/Plan_de_Estudio_profesorado-Artes-Visuales-768x354.png 768w, https:\/\/isbapierini-cba.infd.edu.ar\/sitio\/wp-content\/uploads\/2026\/02\/Plan_de_Estudio_profesorado-Artes-Visuales-1536x708.png 1536w, https:\/\/isbapierini-cba.infd.edu.ar\/sitio\/wp-content\/uploads\/2026\/02\/Plan_de_Estudio_profesorado-Artes-Visuales-2048x944.png 2048w\" sizes=\"(max-width: 1900px) 100vw, 1900px\" \/><\/figure>\n","protected":false},"excerpt":{"rendered":"<p>Duraci\u00f3n: 4 a\u00f1os. Campo profesional: Ejercer la docencia en los niveles de educaci\u00f3n inicial, secundaria (CBU y Ciclo de Especializaci\u00f3n) y Nivel Superior. Adem\u00e1s posibilita el desempe\u00f1o docente en talleres infanto-juveniles y de adultos particulares, talleres barriales, entre otras opciones p\u00fablicas o privadas de educaci\u00f3n no formal. Condiciones de ingreso:&nbsp;Secundario completo. Ciclo proped\u00e9utico: Seminario de &#8230; <a title=\"PROFESORADO DE ARTES VISUALES\" class=\"read-more\" href=\"https:\/\/isbapierini-cba.infd.edu.ar\/sitio\/profesorado-de-artes-visuales\/\" aria-label=\"More on PROFESORADO DE ARTES VISUALES\">[+]<\/a><\/p>\n","protected":false},"author":1396,"featured_media":1309,"parent":0,"menu_order":0,"comment_status":"closed","ping_status":"closed","template":"","meta":[],"acf":[],"_links":{"self":[{"href":"https:\/\/isbapierini-cba.infd.edu.ar\/sitio\/wp-json\/wp\/v2\/pages\/1298"}],"collection":[{"href":"https:\/\/isbapierini-cba.infd.edu.ar\/sitio\/wp-json\/wp\/v2\/pages"}],"about":[{"href":"https:\/\/isbapierini-cba.infd.edu.ar\/sitio\/wp-json\/wp\/v2\/types\/page"}],"author":[{"embeddable":true,"href":"https:\/\/isbapierini-cba.infd.edu.ar\/sitio\/wp-json\/wp\/v2\/users\/1396"}],"replies":[{"embeddable":true,"href":"https:\/\/isbapierini-cba.infd.edu.ar\/sitio\/wp-json\/wp\/v2\/comments?post=1298"}],"version-history":[{"count":3,"href":"https:\/\/isbapierini-cba.infd.edu.ar\/sitio\/wp-json\/wp\/v2\/pages\/1298\/revisions"}],"predecessor-version":[{"id":1356,"href":"https:\/\/isbapierini-cba.infd.edu.ar\/sitio\/wp-json\/wp\/v2\/pages\/1298\/revisions\/1356"}],"wp:featuredmedia":[{"embeddable":true,"href":"https:\/\/isbapierini-cba.infd.edu.ar\/sitio\/wp-json\/wp\/v2\/media\/1309"}],"wp:attachment":[{"href":"https:\/\/isbapierini-cba.infd.edu.ar\/sitio\/wp-json\/wp\/v2\/media?parent=1298"}],"curies":[{"name":"wp","href":"https:\/\/api.w.org\/{rel}","templated":true}]}}