{"id":1278,"date":"2025-11-09T20:22:21","date_gmt":"2025-11-09T23:22:21","guid":{"rendered":"https:\/\/isbapierini-cba.infd.edu.ar\/sitio\/?page_id=1278"},"modified":"2026-02-22T20:49:48","modified_gmt":"2026-02-22T23:49:48","slug":"cav-cursos-artisticos-vocacionales","status":"publish","type":"page","link":"https:\/\/isbapierini-cba.infd.edu.ar\/sitio\/cav-cursos-artisticos-vocacionales\/","title":{"rendered":"CICLO ART\u00cdSTICO VOCACIONAL"},"content":{"rendered":"\n<p><\/p>\n\n\n\n<h3 class=\"wp-block-heading has-black-color has-text-color\">\u00bfQu\u00e9 son los CAV?<\/h3>\n\n\n\n<p class=\"has-black-color has-text-color\">Los CAV (Ciclos Art\u00edsticos Vocacionales) son espacios de formaci\u00f3n art\u00edstica que ofrecen una primera aproximaci\u00f3n sistem\u00e1tica al campo de las Artes Visuales. Est\u00e1n pensados para quienes desean explorar, desarrollar y profundizar su vocaci\u00f3n art\u00edstica, a trav\u00e9s de la pr\u00e1ctica, la experimentaci\u00f3n y el acompa\u00f1amiento pedag\u00f3gico.<\/p>\n\n\n\n<p class=\"has-black-color has-text-color\">El Ciclo Art\u00edstico Vocacional en Artes Visuales cuenta con Resoluci\u00f3n Ministerial N.\u00ba 213\/25, otorgada por el Ministerio de Educaci\u00f3n de la Provincia de C\u00f3rdoba, lo que garantiza su validez oficial y su inserci\u00f3n dentro del sistema educativo provincial.<\/p>\n\n\n\n<h3 class=\"wp-block-heading has-black-color has-text-color\">\u00bfQu\u00e9 ofrecen?<\/h3>\n\n\n\n<ul class=\"has-text-color\" style=\"color:#070000\">\n<li>Formaci\u00f3n art\u00edstica oficial, organizada en niveles progresivos.<\/li>\n<\/ul>\n\n\n\n<ul class=\"has-text-color\" style=\"color:#010000\">\n<li>Espacios de producci\u00f3n, experimentaci\u00f3n y reflexi\u00f3n sobre las pr\u00e1cticas art\u00edsticas.<\/li>\n<\/ul>\n\n\n\n<ul class=\"has-text-color\" style=\"color:#040000\">\n<li>Acompa\u00f1amiento docente especializado.<\/li>\n<\/ul>\n\n\n\n<ul class=\"has-text-color\" style=\"color:#020000\">\n<li>Propuestas que articulan t\u00e9cnica, expresi\u00f3n personal y contexto cultural.<\/li>\n<\/ul>\n\n\n\n<ul class=\"has-black-color has-text-color\">\n<li>Un recorrido formativo que fortalece la vocaci\u00f3n y prepara para futuras instancias de formaci\u00f3n art\u00edstica.<\/li>\n<\/ul>\n\n\n\n<h3 class=\"wp-block-heading has-black-color has-text-color\">Especializaciones<\/h3>\n\n\n\n<p>Dentro del Ciclo Art\u00edstico Vocacional en Artes Visuales, se puede optar por las siguientes especializaciones:<\/p>\n\n\n\n<p class=\"has-text-color\" style=\"color:#040000\"><strong>Cer\u00e1mica Art\u00edstica<\/strong><br>Explora las posibilidades expresivas del barro y los materiales cer\u00e1micos, abordando t\u00e9cnicas de modelado, construcci\u00f3n y acabado, junto a procesos creativos y de producci\u00f3n art\u00edstica.<\/p>\n\n\n\n<p class=\"has-black-color has-text-color\"><strong>Arte Textil<\/strong><br>Propone el trabajo con fibras, telas y t\u00e9cnicas textiles tradicionales y contempor\u00e1neas, integrando dise\u00f1o, experimentaci\u00f3n material y expresi\u00f3n art\u00edstica.<\/p>\n\n\n\n<p class=\"has-black-color has-text-color\"><strong>Pintura<\/strong><br>Se centra en el lenguaje pict\u00f3rico, el uso del color, la composici\u00f3n y las distintas t\u00e9cnicas de la pintura, fomentando la b\u00fasqueda de una po\u00e9tica personal.<\/p>\n\n\n\n<p><\/p>\n\n\n\n<h2 class=\"wp-block-heading has-text-color\" style=\"color:#010000\">Requisitos<\/h2>\n\n\n\n<p class=\"has-text-color\" style=\"color:#020000\">18 a\u00f1os cumplidos al inicio de la cursada.<\/p>\n\n\n\n<h2 class=\"wp-block-heading has-black-color has-text-color\">Modalidad<\/h2>\n\n\n\n<p class=\"has-black-color has-text-color\">Presencial<\/p>\n\n\n\n<h2 class=\"wp-block-heading has-black-color has-text-color\">Certificaci\u00f3n<\/h2>\n\n\n\n<p class=\"has-black-color has-text-color\">Para obtener la certificaci\u00f3n final deber\u00e1n aprobar los espacios curriculares de cada nivel y tener un 80% de asistencia.<\/p>\n","protected":false},"excerpt":{"rendered":"<p>\u00bfQu\u00e9 son los CAV? Los CAV (Ciclos Art\u00edsticos Vocacionales) son espacios de formaci\u00f3n art\u00edstica que ofrecen una primera aproximaci\u00f3n sistem\u00e1tica al campo de las Artes Visuales. Est\u00e1n pensados para quienes desean explorar, desarrollar y profundizar su vocaci\u00f3n art\u00edstica, a trav\u00e9s de la pr\u00e1ctica, la experimentaci\u00f3n y el acompa\u00f1amiento pedag\u00f3gico. El Ciclo Art\u00edstico Vocacional en Artes &#8230; <a title=\"CICLO ART\u00cdSTICO VOCACIONAL\" class=\"read-more\" href=\"https:\/\/isbapierini-cba.infd.edu.ar\/sitio\/cav-cursos-artisticos-vocacionales\/\" aria-label=\"More on CICLO ART\u00cdSTICO VOCACIONAL\">[+]<\/a><\/p>\n","protected":false},"author":1396,"featured_media":1367,"parent":0,"menu_order":0,"comment_status":"closed","ping_status":"closed","template":"","meta":[],"acf":[],"_links":{"self":[{"href":"https:\/\/isbapierini-cba.infd.edu.ar\/sitio\/wp-json\/wp\/v2\/pages\/1278"}],"collection":[{"href":"https:\/\/isbapierini-cba.infd.edu.ar\/sitio\/wp-json\/wp\/v2\/pages"}],"about":[{"href":"https:\/\/isbapierini-cba.infd.edu.ar\/sitio\/wp-json\/wp\/v2\/types\/page"}],"author":[{"embeddable":true,"href":"https:\/\/isbapierini-cba.infd.edu.ar\/sitio\/wp-json\/wp\/v2\/users\/1396"}],"replies":[{"embeddable":true,"href":"https:\/\/isbapierini-cba.infd.edu.ar\/sitio\/wp-json\/wp\/v2\/comments?post=1278"}],"version-history":[{"count":9,"href":"https:\/\/isbapierini-cba.infd.edu.ar\/sitio\/wp-json\/wp\/v2\/pages\/1278\/revisions"}],"predecessor-version":[{"id":1435,"href":"https:\/\/isbapierini-cba.infd.edu.ar\/sitio\/wp-json\/wp\/v2\/pages\/1278\/revisions\/1435"}],"wp:featuredmedia":[{"embeddable":true,"href":"https:\/\/isbapierini-cba.infd.edu.ar\/sitio\/wp-json\/wp\/v2\/media\/1367"}],"wp:attachment":[{"href":"https:\/\/isbapierini-cba.infd.edu.ar\/sitio\/wp-json\/wp\/v2\/media?parent=1278"}],"curies":[{"name":"wp","href":"https:\/\/api.w.org\/{rel}","templated":true}]}}